{"id":2307,"date":"2018-08-22T06:55:13","date_gmt":"2018-08-22T09:55:13","guid":{"rendered":"http:\/\/localhost:12000\/?page_id=2307"},"modified":"2021-08-26T14:29:20","modified_gmt":"2021-08-26T17:29:20","slug":"quem-somos","status":"publish","type":"page","link":"https:\/\/vinimanta.com.br\/es\/quem-somos\/","title":{"rendered":"Sobre nosotros"},"content":{"rendered":"<p>Ante el escenario de las grandes transformaciones que marcaron la d\u00e9cada del 60, fue fundada Sansuy en 1966, por inmigrantes japoneses dedicados a la agricultura.<\/p>\n<p>Desde el inicio de su trayectoria, Sansuy, una empresa 100% brasile\u00f1a, es movida por la determinaci\u00f3n de crear soluciones. El primer paso fue el desarrollo de las mangueras de alta presi\u00f3n para la pulverizaci\u00f3n agr\u00edcola.<\/p>\n<p>A lo largo del tiempo, con el aumento de sus inversiones en tecnolog\u00eda y estructura, pas\u00f3 a atender a varios sectores de la industria. As\u00ed, independientemente de los desaf\u00edos impuestos por el mercado, sigui\u00f3 adelante.<\/p>\n<p>Actualmente cuenta con la capacidad productiva de 38.000 toneladas \/ a\u00f1o, unidades industriales en S\u00e3o Paulo y en Bah\u00eda y oficinas en S\u00e3o Paulo, Paran\u00e1, Rio Grande do Sul, Minas Gerais, R\u00edo de Janeiro, Goi\u00e1s, Mato Grosso, Pernambuco, y Bah\u00eda.<\/p>\n<p>El resultado de todo su empe\u00f1o es la conquista de importantes certificaciones como ISO 9002, QS 9000, ISO 9001: 2008, ISO TS 16949: 2009, el liderazgo en Am\u00e9rica del Sur en la fabricaci\u00f3n de laminados de PVC (Policloruro de vinilo) y el aumento de sus exportaciones.<\/p>\n<p>En el sector de la construcci\u00f3n, la miner\u00eda, la industria automovil\u00edstica, el ocio, la comunicaci\u00f3n visual y muchos otros sectores de la econom\u00eda, Sansuy ya forma parte del d\u00eda a d\u00eda de millones de personas, personas en todo el mundo.<\/p>","protected":false},"excerpt":{"rendered":"<p>Ante el escenario de las grandes transformaciones que marcaron la d\u00e9cada del 60, fue fundada Sansuy en 1966, por inmigrantes japoneses dedicados a la agricultura. Desde el inicio de su &#8230;<\/p>\n","protected":false},"author":2,"featured_media":0,"parent":0,"menu_order":0,"comment_status":"closed","ping_status":"closed","template":"","meta":[],"_links":{"self":[{"href":"https:\/\/vinimanta.com.br\/es\/wp-json\/wp\/v2\/pages\/2307"}],"collection":[{"href":"https:\/\/vinimanta.com.br\/es\/wp-json\/wp\/v2\/pages"}],"about":[{"href":"https:\/\/vinimanta.com.br\/es\/wp-json\/wp\/v2\/types\/page"}],"author":[{"embeddable":true,"href":"https:\/\/vinimanta.com.br\/es\/wp-json\/wp\/v2\/users\/2"}],"replies":[{"embeddable":true,"href":"https:\/\/vinimanta.com.br\/es\/wp-json\/wp\/v2\/comments?post=2307"}],"version-history":[{"count":2,"href":"https:\/\/vinimanta.com.br\/es\/wp-json\/wp\/v2\/pages\/2307\/revisions"}],"predecessor-version":[{"id":4270,"href":"https:\/\/vinimanta.com.br\/es\/wp-json\/wp\/v2\/pages\/2307\/revisions\/4270"}],"wp:attachment":[{"href":"https:\/\/vinimanta.com.br\/es\/wp-json\/wp\/v2\/media?parent=2307"}],"curies":[{"name":"wp","href":"https:\/\/api.w.org\/{rel}","templated":true}]}}