{"id":2303,"date":"2018-08-22T06:52:58","date_gmt":"2018-08-22T09:52:58","guid":{"rendered":"http:\/\/localhost:12000\/?page_id=2303"},"modified":"2021-08-26T14:17:55","modified_gmt":"2021-08-26T17:17:55","slug":"politica-do-site","status":"publish","type":"page","link":"https:\/\/vinimanta.com.br\/es\/politica-do-site\/","title":{"rendered":"Condiciones de uso y pol\u00edtica de privacidad de SANSUY"},"content":{"rendered":"<h6>Atualizado em 18 de setembro de 2020<\/h6>\n<hr>\n<h3>Dicion\u00e1rio de Defini\u00e7\u00f5es:<\/h3>\n<p><b>Dado pessoal:<\/b> informa\u00e7\u00e3o relacionada a pessoa natural identificada ou identific\u00e1vel;<\/p>\n<p><b>Dado pessoal sens\u00edvel:<\/b> dado pessoal sobre origem racial ou \u00e9tnica, convic\u00e7\u00e3o religiosa, opini\u00e3o pol\u00edtica, filia\u00e7\u00e3o a sindicato ou a organiza\u00e7\u00e3o de car\u00e1ter religioso, filos\u00f3fico ou pol\u00edtico, dado referente \u00e0 sa\u00fade ou \u00e0 vida sexual, dado gen\u00e9tico ou biom\u00e9trico, quando vinculado a uma pessoa natural;<\/p>\n<p><b>Dado anonimizado:<\/b> dado relativo a titular que n\u00e3o possa ser identificado, considerando a utiliza\u00e7\u00e3o de meios t\u00e9cnicos razo\u00e1veis e dispon\u00edveis na ocasi\u00e3o de seu tratamento;<\/p>\n<p><b>Banco de dados:<\/b> conjunto estruturado de dados pessoais, estabelecido em um ou em v\u00e1rios locais, em suporte eletr\u00f4nico ou f\u00edsico;<\/p>\n<p><b>Titular:<\/b> pessoa natural a quem se referem os dados pessoais que s\u00e3o objeto de tratamento;<\/p>\n<p><b>Tratamento:<\/b> toda opera\u00e7\u00e3o realizada com dados pessoais, como as que se referem a coleta, produ\u00e7\u00e3o, recep\u00e7\u00e3o, classifica\u00e7\u00e3o, utiliza\u00e7\u00e3o, acesso, reprodu\u00e7\u00e3o, transmiss\u00e3o, distribui\u00e7\u00e3o, processamento, arquivamento, armazenamento, elimina\u00e7\u00e3o, avalia\u00e7\u00e3o ou controle da informa\u00e7\u00e3o, modifica\u00e7\u00e3o, comunica\u00e7\u00e3o, transfer\u00eancia, difus\u00e3o ou extra\u00e7\u00e3o; <b><\/b><\/p>\n<p><b>Anonimiza\u00e7\u00e3o:<\/b> utiliza\u00e7\u00e3o de meios t\u00e9cnicos razo\u00e1veis e dispon\u00edveis no momento do tratamento, por meio dos quais um dado perde a possibilidade de associa\u00e7\u00e3o, direta ou indireta, a um indiv\u00edduo;<\/p>\n<p><b>Consentimento:<\/b> manifesta\u00e7\u00e3o livre, informada e inequ\u00edvoca pela qual o titular concorda com o tratamento de seus dados pessoais para uma finalidade determinada;<\/p>\n<p><b>Bloqueio:<\/b> suspens\u00e3o tempor\u00e1ria de qualquer opera\u00e7\u00e3o de tratamento, mediante guarda do dado pessoal ou do banco de dados;<\/p>\n<p><b>Elimina\u00e7\u00e3o:<\/b> exclus\u00e3o de dado ou de conjunto de dados armazenados em banco de dados, independentemente do procedimento empregado; <b><\/b><\/p>\n<p><b>Transfer\u00eancia internacional de dados:<\/b> transfer\u00eancia de dados pessoais para pa\u00eds estrangeiro ou organismo internacional do qual o pa\u00eds seja membro;<\/p>\n<p><b>Uso compartilhado de dados:<\/b> comunica\u00e7\u00e3o, difus\u00e3o, transfer\u00eancia internacional, interconex\u00e3o de dados pessoais ou tratamento compartilhado de bancos de dados pessoais por \u00f3rg\u00e3os e entidades p\u00fablicos no cumprimento de suas compet\u00eancias legais, ou entre esses e entes privados, reciprocamente, com autoriza\u00e7\u00e3o espec\u00edfica, para uma ou mais modalidades de tratamento permitidas por esses entes p\u00fablicos, ou entre entes privados;<\/p>\n<p><b>Autoridade nacional:<\/b> \u00f3rg\u00e3o da administra\u00e7\u00e3o p\u00fablica respons\u00e1vel por zelar, implementar e fiscalizar o cumprimento desta Lei em todo o territ\u00f3rio nacional<\/p>\n<p><b>Dispositivos:<\/b> s\u00e3o computadores, notebooks, tablets, smartphones e quaisquer outros aparelhos utilizados por voc\u00ea para acessar a internet.<\/p>\n<p><b>IP:<\/b> sigla para \u00abInternet Protocol\u00bb. \u00c9 o protocolo que identifica, localiza e estabelece conex\u00e3o entre computadores ligados \u00e0 internet.<\/p>\n<p><b>Site:<\/b> conjunto de informa\u00e7\u00f5es disponibilizadas na internet por indiv\u00edduo, institui\u00e7\u00e3o, empresa etc., pertencente a um mesmo endere\u00e7o eletr\u00f4nico e que geralmente trata de tema espec\u00edfico.<\/p>\n<hr>\n<h3>1. Quem somos<\/h3>\n<p>Fundada em 1966, a Sansuy \u00e9 uma empresa 100% brasileira, que atende v\u00e1rios setores da ind\u00fastria. Refer\u00eancia no mercado, atuando no ramo de termopl\u00e1sticos com fabrica\u00e7\u00e3o e comercializa\u00e7\u00e3o de laminados e manufaturados de PVC que atendem os mais variados segmentos da economia, dentre os quais destacamos a ind\u00fastria automobil\u00edstica, de log\u00edstica, de armazenagem, de comunica\u00e7\u00e3o visual, de prote\u00e7\u00e3o ao meio ambiente, do agroneg\u00f3cio (agropecu\u00e1ria e aquicultura) entre muitos outros. Sempre investindo, de forma significativa, em pesquisas e desenvolvimento, buscando oferecer aos seus clientes produtos da mais alta qualidade.<\/p>\n<h3>2. Dados coletados na SANSUY<\/h3>\n<p>\u2022 Dados Pessoais Cadastrais: nome completo, CPF, data de nascimento e e-mail, endere\u00e7o, telefone, celular, dados de curr\u00edculo, nome da empresa, departamento, CNPJ, telefone e endere\u00e7o comercial. \u2022 Dados Pessoais captados no site\/aplicativo da SANSUY, no momento da pesquisa de produtos, compra ou inten\u00e7\u00e3o de compra, que s\u00e3o todos aqueles que sejam necess\u00e1rios para identificar o cliente, seus pedidos, ou hist\u00f3rico de compras. \u2022 Dados de comportamento de navega\u00e7\u00e3o no nosso Site ou no nosso aplicativo, como cliques em telas e bot\u00f5es no nosso Site e no nosso aplicativo, p\u00e1ginas visitadas, links acessados e dados vistos<\/p>\n<h3>3. Finalidades do tratamento dos Dados Pessoais coletados pela SANSUY<\/h3>\n<p>Os Dados Pessoais coletados pela SANSUY, se utilizados para atualiza\u00e7\u00e3o da nossa base de dados, ocorrer\u00e3o: \u2022 mediante o fornecimento de consentimento pelo titular; \u2022 para o cumprimento de obriga\u00e7\u00e3o legal ou regulat\u00f3ria; \u2022 quando necess\u00e1rio para a execu\u00e7\u00e3o de contrato ou de procedimentos preliminares relacionados a contrato do qual seja parte o titular, a pedido do titular dos dados; \u2022 para a prote\u00e7\u00e3o da vida ou da incolumidade f\u00edsica do titular ou de terceiro; \u2022 para a tutela da sa\u00fade, exclusivamente, em procedimento realizado por profissionais de sa\u00fade; \u2022 quando necess\u00e1rio para atender aos interesses leg\u00edtimos da Sansuy ou de terceiro, exceto no caso de prevalecerem direitos e liberdades fundamentais do titular que exijam a prote\u00e7\u00e3o dos dados pessoais; ou \u2022 para a prote\u00e7\u00e3o e avalia\u00e7\u00e3o do cr\u00e9dito, inclusive quanto ao disposto na legisla\u00e7\u00e3o pertinente.<\/p>\n<h3>4. A quem disponibilizamos os Dados Pessoais coletados na Sansuy<\/h3>\n<p>Tratamos apenas os Dados Pessoais que entendemos serem os m\u00ednimos necess\u00e1rios para cada finalidade e, em raz\u00e3o disso, disponibilizamos seus Dados Pessoais apenas para as finalidades descritas no item acima. No caso da sua Biometria, para colaboradores, esse dado \u00e9 usado apenas para finalidades determinadas pela legisla\u00e7\u00e3o. Tamb\u00e9m podemos disponibilizar os Dados Pessoais, quando estritamente necess\u00e1rio, a (i) empresas do grupo Sansuy, (ii) fornecedores e (iii) agentes envolvidos na presta\u00e7\u00e3o dos nossos servi\u00e7os.<\/p>\n<h3>5. Requisito de acesso aos servi\u00e7os on-line da Sansuy<\/h3>\n<p>Para que voc\u00ea possa acessar com seguran\u00e7a os servi\u00e7os da Sansuy, realizamos um processo de confirma\u00e7\u00e3o da sua identidade utilizando tamb\u00e9m os Dados Pessoais fornecidos para cadastro em nossos Sites e\/ou aplicativos. Voc\u00ea \u00e9 respons\u00e1vel pela exatid\u00e3o, pela veracidade e pela atualiza\u00e7\u00e3o dos Dados Pessoais informados, concordando que eventuais diverg\u00eancias e\/ou inconsist\u00eancias desses dados poder\u00e3o ocasionar a n\u00e3o valida\u00e7\u00e3o da sua identidade, o que poder\u00e1 impedir o acesso a todos ou a alguns dos servi\u00e7os oferecidos por n\u00f3s em nossos Sites, como medida de seguran\u00e7a. Voc\u00ea autoriza o tratamento de dados pessoais nos termos da Lei Geral de Prote\u00e7\u00e3o de Dados, considerando tratamento toda opera\u00e7\u00e3o realizada com dados pessoais, como as que se referem a coleta, produ\u00e7\u00e3o, recep\u00e7\u00e3o, classifica\u00e7\u00e3o, utiliza\u00e7\u00e3o, acesso, reprodu\u00e7\u00e3o, transmiss\u00e3o, distribui\u00e7\u00e3o, processamento, arquivamento, armazenamento, elimina\u00e7\u00e3o, avalia\u00e7\u00e3o ou controle da informa\u00e7\u00e3o, modifica\u00e7\u00e3o, comunica\u00e7\u00e3o, transfer\u00eancia, difus\u00e3o ou extra\u00e7\u00e3o<\/p>\n<h3>6. Responsabilidade pelo armazenamento dos Dados Pessoais<\/h3>\n<p>Os seus Dados Pessoais s\u00e3o armazenados em nosso sistema ou em sistema de terceiro regularmente contratado pela Sansuy para fins legais e comerciais, conforme esclarecido neste documento, sendo: CONTROLADOR: SANSUY S\/A IND\u00daSTRIA DE PL\u00c1STICOS, pessoa jur\u00eddica de direito privado, inscrita no CNPJ\/MF sob n\u00ba 14.807.945\/0005-58, com sede administrativa na RODOVIA R\u00c9GIS BITTENCOURT, n\u00ba 4981 \u2013 Km 280, GRAMADO, EMBU DAS ARTES \/ SP, CEP. 06830-900. OPERADOR: SANSUY S\/A IND\u00daSTRIA DE PL\u00c1STICOS, pessoa jur\u00eddica de direito privado, inscrita no CNPJ\/MF sob n\u00ba 14.807.945\/0005-58, com sede administrativa na RODOVIA R\u00c9GIS BITTENCOURT, n\u00ba 4981 \u2013 Km 280, GRAMADO, EMBU DAS ARTES \/ SP, CEP. 06830-900. ENCARREGADO PELO TRATAMENTO DE DADOS: FABIO SILVA DE PAULA, com endere\u00e7o comercial na RODOVIA R\u00c9GIS BITTENCOURT, n\u00ba 4981 \u2013 Km 280, GRAMADO, EMBU DAS ARTES \/ SP, CEP. 06830-900, e-mail: protecaodedados@sansuy.com.br<\/p>\n<h3>7. Seus direitos sobre o tratamento de seus Dados Pessoais<\/h3>\n<p>&#8211; Direito de Acesso, Atualiza\u00e7\u00e3o, Corre\u00e7\u00e3o e Exclus\u00e3o: Voc\u00ea pode solicitar acesso aos Dados Pessoais que mantemos sobre voc\u00ea e solicitar a sua atualiza\u00e7\u00e3o, corre\u00e7\u00e3o e, para aqueles Dados captados com o seu Consentimento, a sua exclus\u00e3o. Para isso, voc\u00ea deve apresentar seu pedido por escrito, gratuitamente, atrav\u00e9s do e-mail protecaodedados@sansuy.com.br \u00c9 importante ressaltar que, em alguns casos, se voc\u00ea pedir para corrigir, alterar ou excluir os Dados Pessoais, nem sempre poderemos faz\u00ea-lo. Se for esse o caso, explicaremos o porqu\u00ea, como, por exemplo, quando os Dados Pessoais s\u00e3o necess\u00e1rios para cumprimento de obriga\u00e7\u00f5es legais, tais como, vendas, recursos humanos, e outras. Voc\u00ea pode entrar em contato conosco a qualquer momento se tiver d\u00favidas ou preocupa\u00e7\u00f5es.<\/p>\n<h3>8. Responsabilidade pelo usu\u00e1rio e senha<\/h3>\n<p>Voc\u00ea poder\u00e1 acessar o site da Loja Sansuy com o seu usu\u00e1rio e sua senha exclusiva e individual, intransfer\u00edvel e de seu conhecimento exclusivo. Voc\u00ea se responsabiliza pelo resguardo de seu usu\u00e1rio e sua senha, n\u00e3o os repassando a nenhum terceiro, em hip\u00f3tese alguma.<\/p>\n<h3>9. Compromisso antispam e antiphishing<\/h3>\n<p>Atuamos de acordo com as boas pr\u00e1ticas do mercado digital. Por isso, recomendamos que, caso voc\u00ea receba um e-mail em nosso nome e suspeite de fraude, n\u00e3o abra os arquivos anexos e nem clique em qualquer link ou bot\u00e3o. Voc\u00ea poder\u00e1 enviar uma mensagem para protecaodedados@sansuy.com.br para que possamos tomar as medidas poss\u00edveis no combate ao crime eletr\u00f4nico.<\/p>\n<h3>10. Relacionamento com terceiros<\/h3>\n<p>Ao contratar outras empresas para nos prestarem servi\u00e7os, exigimos delas garantias de privacidade e seguran\u00e7a compat\u00edveis com as que asseguramos neste documento. Para a sua seguran\u00e7a, quaisquer conte\u00fados que sejam considerados confidenciais (como altera\u00e7\u00e3o de dados) n\u00e3o s\u00e3o enviados por meio de links. \u00c9 poss\u00edvel que os nossos Sites e\/ou nossos aplicativos mantenham links com outros websites para auxiliar voc\u00ea com determinada funcionalidade ou conte\u00fado. N\u00e3o nos responsabilizamos por servi\u00e7os, procedimentos e pol\u00edticas espec\u00edficos de websites de outras empresas. Para a sua seguran\u00e7a, voc\u00ea deve se informar sobre o termo de privacidade de cada website.<\/p>\n<h3>11. Seguran\u00e7a de Dados<\/h3>\n<p>Protegemos a seguran\u00e7a durante o acesso aos nossos Sites, nas transa\u00e7\u00f5es e na capta\u00e7\u00e3o de informa\u00e7\u00f5es, por meio do processo de criptografia dos dados, utilizando o protocolo de seguran\u00e7a Secure Socket Layers (SSL) que comprova a autenticidade dos nossos Sites, assim como assegura a integridade e a confidencialidade dos dados durante a sua transmiss\u00e3o.<\/p>\n<h3>12. Direitos Autorais<\/h3>\n<p>Todos os textos, imagens, sons e\/ou aplicativos exibidos nos nossos Sites s\u00e3o protegidos por direitos autorais. N\u00e3o \u00e9 permitido modificar, reproduzir, armazenar, transmitir, copiar, distribuir ou utilizar esses recursos de quaisquer outras formas para fins comerciais sem o nosso consentimento pr\u00e9vio e formal, o qual nunca ser\u00e1 presumido. Tentativas de invas\u00e3o aos nossos Sites ser\u00e3o consideradas como dano, roubo ou qualquer outra tipifica\u00e7\u00e3o penal que corresponda \u00e0s consequ\u00eancias da invas\u00e3o.<\/p>\n<h3>13. Altera\u00e7\u00f5es deste Documento<\/h3>\n<p>Este Documento est\u00e1 sujeito a altera\u00e7\u00f5es a qualquer momento. Toda e qualquer altera\u00e7\u00e3o visa a se adequar \u00e0s eventuais modifica\u00e7\u00f5es em nossos Sites, sejam de mudan\u00e7as para novas tecnologias ou sempre que for necess\u00e1rio, bem como a novos requisitos legais, regulat\u00f3rios ou contratuais.<\/p>\n<h3>14. Canais de Atendimento:<\/h3>\n<p>Voc\u00ea pode solicitar informa\u00e7\u00f5es ou fazer reclama\u00e7\u00f5es via internet, acessando a <a href=\"https:\/\/sansuy.com.br\/contato\/\"><b>P\u00c1GINA DE CONTATO SANSUY<\/b><\/a>, ou pelos e-mails:<br \/>\n<a href=\"mailto: protecaodedados@sansuy.com.br \"> <b>protecaodedados@sansuy.com.br<\/b> <\/a><\/p>\n","protected":false},"excerpt":{"rendered":"<p>Atualizado em 18 de setembro de 2020 Dicion\u00e1rio de Defini\u00e7\u00f5es: Dado pessoal: informa\u00e7\u00e3o relacionada a pessoa natural identificada ou identific\u00e1vel; Dado pessoal sens\u00edvel: dado pessoal sobre origem racial ou \u00e9tnica, &#8230;<\/p>\n","protected":false},"author":2,"featured_media":0,"parent":0,"menu_order":0,"comment_status":"closed","ping_status":"closed","template":"","meta":[],"_links":{"self":[{"href":"https:\/\/vinimanta.com.br\/es\/wp-json\/wp\/v2\/pages\/2303"}],"collection":[{"href":"https:\/\/vinimanta.com.br\/es\/wp-json\/wp\/v2\/pages"}],"about":[{"href":"https:\/\/vinimanta.com.br\/es\/wp-json\/wp\/v2\/types\/page"}],"author":[{"embeddable":true,"href":"https:\/\/vinimanta.com.br\/es\/wp-json\/wp\/v2\/users\/2"}],"replies":[{"embeddable":true,"href":"https:\/\/vinimanta.com.br\/es\/wp-json\/wp\/v2\/comments?post=2303"}],"version-history":[{"count":7,"href":"https:\/\/vinimanta.com.br\/es\/wp-json\/wp\/v2\/pages\/2303\/revisions"}],"predecessor-version":[{"id":4269,"href":"https:\/\/vinimanta.com.br\/es\/wp-json\/wp\/v2\/pages\/2303\/revisions\/4269"}],"wp:attachment":[{"href":"https:\/\/vinimanta.com.br\/es\/wp-json\/wp\/v2\/media?parent=2303"}],"curies":[{"name":"wp","href":"https:\/\/api.w.org\/{rel}","templated":true}]}}